{"id":972,"date":"2022-11-28T11:50:11","date_gmt":"2022-11-28T10:50:11","guid":{"rendered":"https:\/\/holzhausenschule.de\/?page_id=972"},"modified":"2022-11-28T12:01:25","modified_gmt":"2022-11-28T11:01:25","slug":"jahrbuch-der-hhs","status":"publish","type":"page","link":"https:\/\/holzhausenschule.de\/?page_id=972","title":{"rendered":"Jahrbuch der HHS"},"content":{"rendered":"\n<h2 class=\"wp-block-heading\">Das Jahrbuch-Team stellt sich vor:<\/h2>\n\n\n\n<figure class=\"wp-block-image size-large is-resized\"><img loading=\"lazy\" decoding=\"async\" src=\"https:\/\/holzhausenschule.de\/wp-content\/uploads\/2022\/11\/jahrbuch-team2022-1024x170.jpg\" alt=\"\" class=\"wp-image-979\" width=\"826\" height=\"136\" srcset=\"https:\/\/holzhausenschule.de\/wp-content\/uploads\/2022\/11\/jahrbuch-team2022-1024x170.jpg 1024w, https:\/\/holzhausenschule.de\/wp-content\/uploads\/2022\/11\/jahrbuch-team2022-300x50.jpg 300w, https:\/\/holzhausenschule.de\/wp-content\/uploads\/2022\/11\/jahrbuch-team2022-768x127.jpg 768w, https:\/\/holzhausenschule.de\/wp-content\/uploads\/2022\/11\/jahrbuch-team2022.jpg 1280w\" sizes=\"auto, (max-width: 767px) 89vw, (max-width: 1000px) 54vw, (max-width: 1071px) 543px, 580px\" \/><\/figure>\n\n\n\n<p><strong>Wer sind wir?&nbsp;<\/strong><\/p>\n\n\n\n<p>Das Jahrbuchteam besteht aus Eltern, die die sch\u00f6ne Tradition des \u201eJahrbuches der Holzhausenschule\u201c fortsetzen. Seit 2008 erstellen engagierte Eltern der Holzhausenschule bunte, inhaltsreiche und interessante Jahrb\u00fccher, die den Alltag unserer Kinder in der Schule, die wichtigsten Momente und die verschiedene Veranstaltungen eines Schuljahres in den Vordergrund stellen. M\u00f6glich gemacht wird das Projekt durch die Unterst\u00fctzung des&nbsp;<a href=\"https:\/\/fv-hhs.de\/\">F\u00f6rdervereins der HHS<\/a>&nbsp;und der wunderbaren Unterst\u00fctzung der Schulleitung. Um ein Jahrbuch zu erstellen, braucht es Engagement der unterschiedlichsten Art: Die Eltern des Jahrbuchteams bringen sich in den Bereichen Fotografie, Grafik, Kommunikation, Organisation und Marketing mit ein. Aber es ist nicht nur Arbeit, wir haben auch viel Spa\u00df zusammen, und sobald das Werk vollendet ist, findet sich auch immer Zeit, um zusammen zu feiern.<\/p>\n\n\n\n<p><strong>Was machen wir?<\/strong><\/p>\n\n\n\n<p>\u00dcber das Schuljahr verteilt k\u00fcmmern wir uns haupts\u00e4chlich um folgende Themen:<\/p>\n\n\n\n<ul class=\"wp-block-list\">\n<li>Wir treffen uns mehrmals, um Themen und Highlights des Jahres zu bestimmen und die Rubriken des Jahrbuches zu planen.<\/li>\n\n\n\n<li>Wir erarbeiten einen Zeitplan, um sicher zu stellen, dass alle Kinder der HHS ihr Jahrbuch&nbsp;<br>im Juni\/Juli bekommen k\u00f6nnen.<\/li>\n\n\n\n<li>In Kooperation mit dem&nbsp;<a href=\"https:\/\/fv-hhs.de\/\">F\u00f6rdervereins der HHS<\/a>, k\u00fcmmern wir uns um die finanzielle Unterst\u00fctzung des Jahrbuches.<\/li>\n\n\n\n<li>Wir suchen neue Sponsoren f\u00fcr das Jahrbuch und pflegen die Kontakte zu bereits bestehenden.<\/li>\n\n\n\n<li>Wir unterst\u00fctzen Klassenlehrer und Schulleitung in der Erstellung von sch\u00f6nen Beitr\u00e4gen, die die Initiativen der Schule in den Vordergrund bringen.<\/li>\n\n\n\n<li>Wir sammeln und organisieren Bilder, Texte und weiteres in einem grafischen Produkt,&nbsp;<br>das dann der Druckerei bereit gestellt wird.&nbsp;<\/li>\n\n\n\n<li>Wir organisieren die Bestellung und Auslieferung und unterst\u00fctzen bei der Verteilung&nbsp;<br>oder dem Verkauf des Jahrbuches an der Schule.<\/li>\n<\/ul>\n\n\n\n<p><strong>Was haben wir vor?<\/strong><\/p>\n\n\n\n<p>Jedes Jahr versuchen wir, das Jahrbuch sch\u00f6ner und reicher zu machen. F\u00fcr dieses Jahr haben wir uns vorgenommen, weitere Sponsoren zu finden, um das Jahrbuch umfangreicher und die Finanzierung einfacher zu gestalten.<\/p>\n\n\n\n<p><strong>Willst Du Dich auch gerne an der Schule Deiner Kinder einbringen?&nbsp;<\/strong><\/p>\n\n\n\n<p>Wir suchen immer Verst\u00e4rkung und freuen uns, wenn sich engagierte Eltern dem Jahrbuch-Team anschlie\u00dfen, damit diese sch\u00f6ne Tradition auch f\u00fcr die n\u00e4chsten Jahre erhalten bleibt. Jede\/r ist willkommen und kann sich bei Interesse gerne melden unter:\u00a0<a href=\"mailto:hhs.jahrbuch.2022@gmail.com\">hhs.jahrbuch.2022@gmail.com<\/a><\/p>\n\n\n\n<h2 class=\"wp-block-heading\">15 Jahre Jahrbuch Holzhausenschule<\/h2>\n\n\n\n<figure class=\"wp-block-image size-large is-resized\"><img loading=\"lazy\" decoding=\"async\" src=\"https:\/\/holzhausenschule.de\/wp-content\/uploads\/2022\/11\/jahrbuch-15-jahre-1024x471.jpg\" alt=\"\" class=\"wp-image-980\" width=\"787\" height=\"362\" srcset=\"https:\/\/holzhausenschule.de\/wp-content\/uploads\/2022\/11\/jahrbuch-15-jahre-1024x471.jpg 1024w, https:\/\/holzhausenschule.de\/wp-content\/uploads\/2022\/11\/jahrbuch-15-jahre-300x138.jpg 300w, https:\/\/holzhausenschule.de\/wp-content\/uploads\/2022\/11\/jahrbuch-15-jahre-768x353.jpg 768w, https:\/\/holzhausenschule.de\/wp-content\/uploads\/2022\/11\/jahrbuch-15-jahre.jpg 1280w\" sizes=\"auto, (max-width: 767px) 89vw, (max-width: 1000px) 54vw, (max-width: 1071px) 543px, 580px\" \/><\/figure>\n","protected":false},"excerpt":{"rendered":"<p>Das Jahrbuch-Team stellt sich vor: Wer sind wir?&nbsp; Das Jahrbuchteam besteht aus Eltern, die die sch\u00f6ne Tradition des \u201eJahrbuches der Holzhausenschule\u201c fortsetzen. Seit 2008 erstellen engagierte Eltern der Holzhausenschule bunte, &hellip; <\/p>\n<p class=\"link-more\"><a href=\"https:\/\/holzhausenschule.de\/?page_id=972\" class=\"more-link\"><span class=\"screen-reader-text\">\u201eJahrbuch der HHS\u201c<\/span> weiterlesen<\/a><\/p>\n","protected":false},"author":2,"featured_media":0,"parent":0,"menu_order":0,"comment_status":"closed","ping_status":"closed","template":"","meta":{"footnotes":""},"class_list":["post-972","page","type-page","status-publish","hentry"],"_links":{"self":[{"href":"https:\/\/holzhausenschule.de\/index.php?rest_route=\/wp\/v2\/pages\/972","targetHints":{"allow":["GET"]}}],"collection":[{"href":"https:\/\/holzhausenschule.de\/index.php?rest_route=\/wp\/v2\/pages"}],"about":[{"href":"https:\/\/holzhausenschule.de\/index.php?rest_route=\/wp\/v2\/types\/page"}],"author":[{"embeddable":true,"href":"https:\/\/holzhausenschule.de\/index.php?rest_route=\/wp\/v2\/users\/2"}],"replies":[{"embeddable":true,"href":"https:\/\/holzhausenschule.de\/index.php?rest_route=%2Fwp%2Fv2%2Fcomments&post=972"}],"version-history":[{"count":4,"href":"https:\/\/holzhausenschule.de\/index.php?rest_route=\/wp\/v2\/pages\/972\/revisions"}],"predecessor-version":[{"id":981,"href":"https:\/\/holzhausenschule.de\/index.php?rest_route=\/wp\/v2\/pages\/972\/revisions\/981"}],"wp:attachment":[{"href":"https:\/\/holzhausenschule.de\/index.php?rest_route=%2Fwp%2Fv2%2Fmedia&parent=972"}],"curies":[{"name":"wp","href":"https:\/\/api.w.org\/{rel}","templated":true}]}}