{"id":97,"date":"2022-03-23T10:41:18","date_gmt":"2022-03-23T09:41:18","guid":{"rendered":"https:\/\/holzhausenschule.de\/?page_id=97"},"modified":"2022-10-20T10:23:22","modified_gmt":"2022-10-20T08:23:22","slug":"ganztag-esb","status":"publish","type":"page","link":"https:\/\/holzhausenschule.de\/?page_id=97","title":{"rendered":"Ganztag &#038; ESB"},"content":{"rendered":"\n<p>Derzeit befindet sich die Holzhausenschule in der <strong>Pilotierungsphase des Pakts f\u00fcr den Nachmittag.<\/strong><\/p>\n\n\n\n<p>An der Kooperation zwischen Schule am Vormittag und Nachmittagsbetreuung, das hei\u00dft zwischen Lehrkr\u00e4ften und Erzeiher:innen, wird derzeit intensiv gearbeitet. Eine Weiterentwicklung und Ziel des Ganztages ist eine zunehmende Verzahnung zwischen Vor- und Nachmittag.<\/p>\n\n\n\n<p><\/p>\n\n\n<div class=\"wp-block-image\">\n<figure class=\"alignright size-full is-resized\"><img loading=\"lazy\" decoding=\"async\" src=\"https:\/\/holzhausenschule.de\/wp-content\/uploads\/2022\/10\/ESB-Logo.png\" alt=\"\" class=\"wp-image-899\" width=\"168\" height=\"77\"\/><\/figure>\n<\/div>\n\n\n<p><strong><u>Ganztagsbetreuung an der Holzhausenschule<\/u><\/strong><\/p>\n\n\n\n<p>Unsere Ganztagsbetreuung in Tr\u00e4gerschaft der ASB Lehrerkooperative gGmbH ist ein kombiniertes Angebot aus verschiedenen Betreuungsmodulen: Fr\u00fchbetreuung, Erweiterte Schulische Betreuung (ESB) und Pakt f\u00fcr den Nachmittag (PfdN).<\/p>\n\n\n\n<p>Aktuell betreuen wir 350 Sch\u00fclerinnen und Sch\u00fcler der Holzhausenschule.<\/p>\n\n\n\n<p><strong><em>Pakt f\u00fcr den Nachmittag in K\u00fcrze:<\/em><\/strong><\/p>\n\n\n\n<p>&nbsp;&nbsp;&nbsp;&nbsp;&nbsp;&nbsp;&nbsp;&nbsp;&nbsp;&nbsp;&nbsp;&nbsp;&nbsp;&nbsp;&nbsp;&nbsp;&nbsp;&nbsp;&nbsp; Jahrgang 3 + 4 (Jhg. 3 ab SJ 2023\/2024)<\/p>\n\n\n\n<p>&nbsp;&nbsp;&nbsp;&nbsp;&nbsp;&nbsp;&nbsp;&nbsp;&nbsp;&nbsp;&nbsp;&nbsp;&nbsp;&nbsp;&nbsp;&nbsp;&nbsp;&nbsp;&nbsp;&nbsp;schult\u00e4glich 11:30 &#8211; 17 Uhr<\/p>\n\n\n\n<p>&nbsp;&nbsp;&nbsp;&nbsp;&nbsp;&nbsp;&nbsp;&nbsp;&nbsp;&nbsp;&nbsp;&nbsp;&nbsp;&nbsp;&nbsp;&nbsp;&nbsp;&nbsp;&nbsp;&nbsp;Elternentgeltfrei<\/p>\n\n\n\n<p>kostenpflichtige Ferienbetreuung nach Bedarf<\/p>\n\n\n\n<p><strong><em>Anmeldung: <\/em><\/strong>per Mail an katherina.oswald@lehrerkooperative.de<\/p>\n\n\n\n<p><strong><em>Fr\u00fchbetreuung:<\/em><\/strong> schult\u00e4glich 7:30 &#8211; 8:45 Uhr<\/p>\n\n\n\n<p>offen + kostenfrei f\u00fcr alle Sch\u00fcler*innen der Schule<\/p>\n\n\n\n<p><strong><em>Anmeldung<\/em><\/strong>: per Mail an christine.bugdahn@lehrerkooperative.de<\/p>\n\n\n\n<p><strong><em>Verpflegung:&nbsp;<\/em><\/strong>&nbsp;&nbsp;&nbsp; Mittagessen in der Schulmensa, GEG Gastro Service<\/p>\n\n\n\n<p>&nbsp;&nbsp;&nbsp;&nbsp;&nbsp;&nbsp;&nbsp;&nbsp;&nbsp;&nbsp;&nbsp;&nbsp;&nbsp;&nbsp;&nbsp;&nbsp;&nbsp;&nbsp;&nbsp;&nbsp;&nbsp;&nbsp;&nbsp;&nbsp;&nbsp;&nbsp;&nbsp;&nbsp;&nbsp;&nbsp; Anmeldung : <a href=\"http:\/\/www.bestellung-geggastro.de\">www.bestellung-geggastro.de<\/a><\/p>\n\n\n\n<p>&nbsp;&nbsp;&nbsp;&nbsp;&nbsp;&nbsp;&nbsp;&nbsp;&nbsp;&nbsp;&nbsp;&nbsp;&nbsp;&nbsp;&nbsp;&nbsp;&nbsp;&nbsp;&nbsp;&nbsp;&nbsp;&nbsp;&nbsp;&nbsp;&nbsp;&nbsp;&nbsp;&nbsp;&nbsp;&nbsp; Nachmittagssnack + Getr\u00e4nke<\/p>\n\n\n\n<p>Grundlage unserer Arbeit sind der hessische Bildungs- und Erziehungsplan und das Qualit\u00e4tsmanagementsystem der ASB Lehrerkooperative \u201eQualit\u00e4t f\u00fcr Kinder\u201c.<\/p>\n\n\n\n<p><em>Der Ganztag schafft die M\u00f6glichkeit die formelle und informelle Bildung miteinander zu verkn\u00fcpfen und gew\u00e4hrleistet somit die ganzheitliche F\u00f6rderung und Unterst\u00fctzung der uns anvertrauten Kinder.<\/em><\/p>\n\n\n\n<p><em>Wir orientieren uns an den Lebens- und Entwicklungsthemen der Kinder. Die Selbstt\u00e4tigkeit des Kindes wird zugelassen, herausgefordert und unterst\u00fctzt. Die erworbenen Kompetenzen und F\u00e4higkeiten sind f\u00fcr die Teilhabe am gesellschaftlichen, kulturellen und politischen Leben von gro\u00dfer Wichtigkeit.<\/em><\/p>\n\n\n\n<p><em>Als unsere <strong>zentralen Aufgaben<\/strong> neben der formellen Bildung verstehen wir:<\/em><\/p>\n\n\n\n<ul class=\"wp-block-list\"><li><em>Autonomie und Identit\u00e4t \u2013 Selbstkompetenz, Selbstst\u00e4ndigkeit, Selbstbestimmung, Pers\u00f6nlichkeitsentwicklung und Identit\u00e4tsbildung<\/em><\/li><li><em>Soziale Kompetenz und Beziehungsf\u00e4higkeit \u2013 soziales Lernen, soziale Kompetenzen, Kooperations-, Team- und Gemeinschaftsf\u00e4higkeit<\/em><\/li><li><em>Partizipation und Solidarit\u00e4t \u2013 Erwerb von Normen und Werten, \u00dcbernahme von sozialer Verantwortung und demokratischer Lebensformen<\/em><\/li><li><em>Die Erziehung, Bildung und Betreuung zu unterst\u00fctzen und zu erg\u00e4nzen<\/em><\/li><li><em>Den Eltern dabei zu helfen, Erwerbst\u00e4tigkeit und Kindererziehung besser miteinander zu vereinbaren<\/em><\/li><\/ul>\n\n\n\n<p class=\"has-text-align-right\"><em>&nbsp;&nbsp;&nbsp;&nbsp;&nbsp;&nbsp;&nbsp;&nbsp;&nbsp;&nbsp;&nbsp;&nbsp;&nbsp;&nbsp;&nbsp;&nbsp;&nbsp;&nbsp;&nbsp;&nbsp;&nbsp;&nbsp;&nbsp;&nbsp;&nbsp;&nbsp;&nbsp;&nbsp;&nbsp;&nbsp;&nbsp;&nbsp;&nbsp;&nbsp;&nbsp;&nbsp;&nbsp;&nbsp;&nbsp;&nbsp;&nbsp;&nbsp;&nbsp;&nbsp;&nbsp;&nbsp;&nbsp;&nbsp; &nbsp;&nbsp;&nbsp;&nbsp;&nbsp;&nbsp;&nbsp;&nbsp;&nbsp;&nbsp;&nbsp;&nbsp;&nbsp;&nbsp;&nbsp;&nbsp;&nbsp;&nbsp;(vgl. ASB Lehrerkooperative GgmbH: \u201eQualit\u00e4t f\u00fcr Kinder\u201c 2021, Vorwort QM Ganztag)<\/em><\/p>\n\n\n\n<p>Das Konzept der offenen Arbeit erm\u00f6glicht den Kindern selbstbestimmte Gestalter ihrer eignen St\u00e4rken und Interessen zu sein.<\/p>\n\n\n\n<p>Die Kinder bewegen sich frei in den R\u00e4umen und auf dem Au\u00dfengel\u00e4nde und entscheiden selbst \u00fcber Spielpartner und Angebote.<\/p>\n\n\n\n<p>Unsere Jahrgangsteams begleiten als festes Team von p\u00e4dagogischen Fach- und Hilfskr\u00e4ften das Kind durch seine Grundschulzeit.<\/p>\n\n\n\n<p>Im Erdgeschoss des Schulgeb\u00e4udes befinden sich sechs Betreuungsr\u00e4ume, die als Funktionsr\u00e4ume (K\u00fcche, Kreativwelt, Toberaum, Abenteuerinsel, Spielgalaxie, Spa\u00dfplanet ) ausgestattet sind und zugleich die Funktion des Jahrgangsraumes \u00fcbernehmen. Im Jahrgangsraum ist immer ein Mitarbeiter des Jahrgangsteams anwesend und hat anhand eines Pin- oder Magnetsystems den \u00dcberblick \u00fcber den Aufenthaltsort der Kinder.<\/p>\n\n\n\n<p>Auch die Mensa und der Zugang zum Au\u00dfengel\u00e4nde befinden sich im Erdgeschoss. Zus\u00e4tzlich nutzen wir f\u00fcr offene Angebote, Projekte und Lernzeit auch die Klassen- und Fachr\u00e4ume im 1. + 2 Stock.<\/p>\n\n\n\n<p><\/p>\n\n\n\n<p><em><strong>Weitere Infos zum Pakt f\u00fcr den Nachmittag <\/strong><\/em>finden Sie <a href=\"https:\/\/frankfurt.de\/themen\/arbeit-bildung-und-wissenschaft\/bildung\/schulen-in-frankfurt-am-main\/ganztag\/ganztags--und-betreuungsangebote-in-schulen\" data-type=\"URL\" data-id=\"https:\/\/frankfurt.de\/themen\/arbeit-bildung-und-wissenschaft\/bildung\/schulen-in-frankfurt-am-main\/ganztag\/ganztags--und-betreuungsangebote-in-schulen\">hier<\/a>.<\/p>\n\n\n\n<p><a href=\"https:\/\/lehrerkooperative.de\/betreuungen-an-grundschulen\/esb-holzhausenschule.html\" data-type=\"URL\" data-id=\"https:\/\/lehrerkooperative.de\/betreuungen-an-grundschulen\/esb-holzhausenschule.html\">Hier<\/a> finden Sie n\u00e4here Informationen zur <strong><em>Erweiterte Schulische Betreuung (ESB) <\/em><\/strong>der Holzhausenschule!<\/p>\n","protected":false},"excerpt":{"rendered":"<p>Derzeit befindet sich die Holzhausenschule in der Pilotierungsphase des Pakts f\u00fcr den Nachmittag. An der Kooperation zwischen Schule am Vormittag und Nachmittagsbetreuung, das hei\u00dft zwischen Lehrkr\u00e4ften und Erzeiher:innen, wird derzeit &hellip; <\/p>\n<p class=\"link-more\"><a href=\"https:\/\/holzhausenschule.de\/?page_id=97\" class=\"more-link\"><span class=\"screen-reader-text\">\u201eGanztag &#038; ESB\u201c<\/span> weiterlesen<\/a><\/p>\n","protected":false},"author":2,"featured_media":0,"parent":0,"menu_order":0,"comment_status":"closed","ping_status":"closed","template":"","meta":{"footnotes":""},"class_list":["post-97","page","type-page","status-publish","hentry"],"_links":{"self":[{"href":"https:\/\/holzhausenschule.de\/index.php?rest_route=\/wp\/v2\/pages\/97","targetHints":{"allow":["GET"]}}],"collection":[{"href":"https:\/\/holzhausenschule.de\/index.php?rest_route=\/wp\/v2\/pages"}],"about":[{"href":"https:\/\/holzhausenschule.de\/index.php?rest_route=\/wp\/v2\/types\/page"}],"author":[{"embeddable":true,"href":"https:\/\/holzhausenschule.de\/index.php?rest_route=\/wp\/v2\/users\/2"}],"replies":[{"embeddable":true,"href":"https:\/\/holzhausenschule.de\/index.php?rest_route=%2Fwp%2Fv2%2Fcomments&post=97"}],"version-history":[{"count":10,"href":"https:\/\/holzhausenschule.de\/index.php?rest_route=\/wp\/v2\/pages\/97\/revisions"}],"predecessor-version":[{"id":904,"href":"https:\/\/holzhausenschule.de\/index.php?rest_route=\/wp\/v2\/pages\/97\/revisions\/904"}],"wp:attachment":[{"href":"https:\/\/holzhausenschule.de\/index.php?rest_route=%2Fwp%2Fv2%2Fmedia&parent=97"}],"curies":[{"name":"wp","href":"https:\/\/api.w.org\/{rel}","templated":true}]}}