{"id":93,"date":"2022-03-23T10:41:18","date_gmt":"2022-03-23T09:41:18","guid":{"rendered":"https:\/\/holzhausenschule.de\/?page_id=93"},"modified":"2022-04-06T00:23:31","modified_gmt":"2022-04-05T22:23:31","slug":"unsere-schule","status":"publish","type":"page","link":"https:\/\/holzhausenschule.de\/?page_id=93","title":{"rendered":"Unsere Schule"},"content":{"rendered":"\n<h2 class=\"wp-block-heading\"><strong> Leitbild der Holzhausenschule<\/strong><\/h2>\n\n\n\n<p class=\"has-text-align-center\"><strong><em>Unsere Schule ist ein vielseitiger Ort:<\/em><\/strong><\/p>\n\n\n\n<p class=\"has-text-align-center\"><strong><em>Im Haus der Sprachen, der Musik, der Bewegung und der Kreativit\u00e4t lernen wir miteinander und voneinander.<\/em><\/strong><\/p>\n\n\n\n<p class=\"has-text-align-center\"><strong><em>Dabei helfen alle mit.<\/em><\/strong><\/p>\n\n\n\n<p>Im&nbsp; Haus der Sprachen lernen wir unterschiedliche Sprachen: Italienisch in bilingualen Klassen, Griechisch als Zusatzangebot und Englisch ab der 3. Klasse. Im Sprachenkarussell der ersten Klassen sowie in Arbeitsgemeinschaften und Projekttagen begegnen unsere Sch\u00fcler und Sch\u00fclerinnen auch anderen Sprachen. \u00dcber die Kultur, die Geschichte, die Sitten und Br\u00e4uche erfahren sie viele interessante Dinge.<\/p>\n\n\n\n<p>Im Haus der Musik singen, tanzen und musizieren wir mit Begeisterung in jeder Klasse. Als \u201eMusikalische Grundschule\u201c veranstalten wir Sch\u00fclerkonzerte \u201eKleine Holzhausenk\u00fcnstler ganz gro\u00df\u201c und Jahrgangsauff\u00fchrungen. Jede Jahrgangsstufe kann unseren Chor und die Musik- AGs besuchen.  \u201ePrimacanta &#8211; Jedem Kind seine Stimme\u201c:  auch mit diesem Modell gestalten wir unseren Musikunterricht. Weiterhin sind wir auch Mitglied im Frankfurter Grundschulchor.<\/p>\n\n\n\n<p>Im Haus der Bewegung trainieren und turnen wir. Unsere Pausen sind nicht nur zum Toben und Entspannen da, sondern auch zum Spielen, Klettern, Schaukeln, Rutschen, Springen und Ball spielen. <br>Damit in den Pausen ausreichend Zeit zum Bewegen bleibt, fr\u00fchst\u00fccken wir in der Klasse. <br>F\u00fcr einen guten Zweck laufen wir sogar im Jahr rund ums Baumhaus auf dem Pausenhof &#8211; unser so genannter \u201eFun-Run\u201c.<\/p>\n\n\n\n<p>Im Haus der Kreativit\u00e4t malen, gestalten, basteln und werken wir. Kunstprojekte zu den unterschiedlichsten Themen finden in den Klassen und auch an den Projekttagen statt. Die Begegnung mit den Werken ber\u00fchmter K\u00fcnstler ist uns wichtig. Viele Klassen nehmen an gestalterischen Wettbewerben teil.&nbsp;<\/p>\n\n\n\n<p>Unsere T\u00fcren stehen f\u00fcr alle Kinder offen. Unsere Schule ist ein vielseitiges Haus.<\/p>\n","protected":false},"excerpt":{"rendered":"<p>Leitbild der Holzhausenschule Unsere Schule ist ein vielseitiger Ort: Im Haus der Sprachen, der Musik, der Bewegung und der Kreativit\u00e4t lernen wir miteinander und voneinander. Dabei helfen alle mit. Im&nbsp; &hellip; <\/p>\n<p class=\"link-more\"><a href=\"https:\/\/holzhausenschule.de\/?page_id=93\" class=\"more-link\"><span class=\"screen-reader-text\">\u201eUnsere Schule\u201c<\/span> weiterlesen<\/a><\/p>\n","protected":false},"author":2,"featured_media":0,"parent":0,"menu_order":0,"comment_status":"closed","ping_status":"closed","template":"","meta":{"footnotes":""},"class_list":["post-93","page","type-page","status-publish","hentry"],"_links":{"self":[{"href":"https:\/\/holzhausenschule.de\/index.php?rest_route=\/wp\/v2\/pages\/93","targetHints":{"allow":["GET"]}}],"collection":[{"href":"https:\/\/holzhausenschule.de\/index.php?rest_route=\/wp\/v2\/pages"}],"about":[{"href":"https:\/\/holzhausenschule.de\/index.php?rest_route=\/wp\/v2\/types\/page"}],"author":[{"embeddable":true,"href":"https:\/\/holzhausenschule.de\/index.php?rest_route=\/wp\/v2\/users\/2"}],"replies":[{"embeddable":true,"href":"https:\/\/holzhausenschule.de\/index.php?rest_route=%2Fwp%2Fv2%2Fcomments&post=93"}],"version-history":[{"count":4,"href":"https:\/\/holzhausenschule.de\/index.php?rest_route=\/wp\/v2\/pages\/93\/revisions"}],"predecessor-version":[{"id":419,"href":"https:\/\/holzhausenschule.de\/index.php?rest_route=\/wp\/v2\/pages\/93\/revisions\/419"}],"wp:attachment":[{"href":"https:\/\/holzhausenschule.de\/index.php?rest_route=%2Fwp%2Fv2%2Fmedia&parent=93"}],"curies":[{"name":"wp","href":"https:\/\/api.w.org\/{rel}","templated":true}]}}