{"id":573,"date":"2022-06-07T16:42:39","date_gmt":"2022-06-07T14:42:39","guid":{"rendered":"https:\/\/holzhausenschule.de\/?page_id=573"},"modified":"2022-11-28T11:54:22","modified_gmt":"2022-11-28T10:54:22","slug":"schulelternbeirat","status":"publish","type":"page","link":"https:\/\/holzhausenschule.de\/?page_id=573","title":{"rendered":"Schulelternbeirat"},"content":{"rendered":"\n<p><strong>Der Schulelternbeirat der Holzhausenschule stellt sich vor!<\/strong><\/p>\n\n\n\n<p>Der Schulelternbeirat (SEB) setzt sich aus den gew\u00e4hlten Elternbeir\u00e4t:i<em>nnen und ihren Stellvertreter:<\/em>innen zusammen. Der Schulelternbeirat ist die Verbindung zwischen Elternhaus und Schule; er gibt Informationen in beide Richtungen weiter und vertritt die Interessen der Elternschaft innerhalb der Schule sowie nach Au\u00dfen.<br>Der SEB w\u00e4hlt aus seiner Mitte heraus turnusgem\u00e4\u00df alle zwei Jahre seinen neuen Vorstand.<\/p>\n\n\n\n<p>Die Elternarbeit an einer Schule nimmt einen sehr wichtigen Stellenwert ein. Wir versuchen daher als Schulelternbeirat immer ein offenes Ohr f\u00fcr die Belange der Eltern und ihrer Kinder zu haben, um so als Bindeglied zwischen Ihnen und der Schulleitung zu agieren.<\/p>\n\n\n\n<p>Der Schulelternbeirat ist immer dankbar f\u00fcr Anregungen und (kritisches) Feedback, um sich so bestm\u00f6glich f\u00fcr die Kinder und Eltern der Holzhausenschule einsetzen zu k\u00f6nnen.<\/p>\n\n\n\n<p><strong>Vorstandsvorsitzende: Nicole Walter<\/strong><br><\/p>\n\n\n\n<p>Mein Name ist Nicole Walter, ich bin 47 Jahre und habe zwei Kinder im Alter von 9 und 13 Jahren. Aktuell ist mein Sohn im 4. Jahrgang der Holzhausenschule; meine Tochter hat ihre Grundschulzeit ebenfalls an der HHS verbracht und ist mittlerweile in der 7. Klasse im Gymnasium.<br>Seit der Einschulung meines Sohnes bin ich Elternbeir\u00e4tin in seiner Klasse und im Oktober 2021 wurde ich zur Vorsitzenden des Schulelternbeirates gew\u00e4hlt. Seit 2021 bin ich ebenfalls Mitglied der Schulkonferenz.<br>Ich habe schon lange eine Beziehung zur HHS, da ich selbst meine Grundschulzeit hier verbracht habe. Diese langj\u00e4hrige Verbundenheit und die damit gesammelten Erfahrungen kommen meinen Aufgaben als SEB-Vorsitzender hoffentlich zugute.<\/p>\n\n\n\n<p><strong>Stellvertretende Vorsitzende: Silke Justen<\/strong><\/p>\n\n\n\n<p>Mein Name ist Silke Justen und mein Sohn geht ebenfalls in die 4. Klasse. Auch ich bin seit der Einschulung meines Sohnes Elternbeir\u00e4tin und seit 2021 stellvertretende Vorsitzende des SEB gew\u00e4hlt. Als \u201eNeu-Frankfurterin\u201c und Mutter des ersten Schulkindes in der Familie steuere ich eher die Perspektive der Familien bei, f\u00fcr die sich viele Schul-Themen zum ersten Mal stellen. Da die Schulzeit meines Sohnes sehr von Corona-Themen gepr\u00e4gt war, liegt es mir sehr am Herzen, dass die Kinder Schule jetzt auch wieder als einen Ort der Gemeinschaft und der M\u00f6glichkeiten erleben k\u00f6nnen.<\/p>\n\n\n\n<p><\/p>\n","protected":false},"excerpt":{"rendered":"<p>Der Schulelternbeirat der Holzhausenschule stellt sich vor! Der Schulelternbeirat (SEB) setzt sich aus den gew\u00e4hlten Elternbeir\u00e4t:innen und ihren Stellvertreter:innen zusammen. Der Schulelternbeirat ist die Verbindung zwischen Elternhaus und Schule; er &hellip; <\/p>\n<p class=\"link-more\"><a href=\"https:\/\/holzhausenschule.de\/?page_id=573\" class=\"more-link\"><span class=\"screen-reader-text\">\u201eSchulelternbeirat\u201c<\/span> weiterlesen<\/a><\/p>\n","protected":false},"author":2,"featured_media":0,"parent":0,"menu_order":0,"comment_status":"closed","ping_status":"closed","template":"","meta":{"footnotes":""},"class_list":["post-573","page","type-page","status-publish","hentry"],"_links":{"self":[{"href":"https:\/\/holzhausenschule.de\/index.php?rest_route=\/wp\/v2\/pages\/573","targetHints":{"allow":["GET"]}}],"collection":[{"href":"https:\/\/holzhausenschule.de\/index.php?rest_route=\/wp\/v2\/pages"}],"about":[{"href":"https:\/\/holzhausenschule.de\/index.php?rest_route=\/wp\/v2\/types\/page"}],"author":[{"embeddable":true,"href":"https:\/\/holzhausenschule.de\/index.php?rest_route=\/wp\/v2\/users\/2"}],"replies":[{"embeddable":true,"href":"https:\/\/holzhausenschule.de\/index.php?rest_route=%2Fwp%2Fv2%2Fcomments&post=573"}],"version-history":[{"count":7,"href":"https:\/\/holzhausenschule.de\/index.php?rest_route=\/wp\/v2\/pages\/573\/revisions"}],"predecessor-version":[{"id":976,"href":"https:\/\/holzhausenschule.de\/index.php?rest_route=\/wp\/v2\/pages\/573\/revisions\/976"}],"wp:attachment":[{"href":"https:\/\/holzhausenschule.de\/index.php?rest_route=%2Fwp%2Fv2%2Fmedia&parent=573"}],"curies":[{"name":"wp","href":"https:\/\/api.w.org\/{rel}","templated":true}]}}