{"id":119,"date":"2022-03-23T10:41:19","date_gmt":"2022-03-23T09:41:19","guid":{"rendered":"https:\/\/holzhausenschule.de\/?page_id=119"},"modified":"2022-06-13T21:53:12","modified_gmt":"2022-06-13T19:53:12","slug":"uebergang-4-5","status":"publish","type":"page","link":"https:\/\/holzhausenschule.de\/?page_id=119","title":{"rendered":"\u00dcbergang 4\/ 5"},"content":{"rendered":"\n<h2 class=\"wp-block-heading\">Infoflyer zum \u00dcbergang 4\/5<\/h2>\n\n\n\n<p><\/p>\n\n\n<a class=\"wp-block-read-more\" href=\"https:\/\/holzhausenschule.de\/?page_id=119\" target=\"_self\"><a href=\"https:\/\/holzhausen.frankfurt.schule.hessen.de\/aktuell\/info-flyer-ubergang-4-5.pdf\">Faltblatt \u00dcbergang 4-5_final ohne Veranstaltung 19.09.2018.indd (hessen.de)<\/a><span class=\"screen-reader-text\">: \u00dcbergang 4\/ 5<\/span><\/a>\n\n\n<h2 class=\"wp-block-heading\">Infofolien des hessischen Kultusministeriums mit Infos zum \u00dcbergang 4\/5<\/h2>\n\n\n\n<div class=\"wp-block-group\"><div class=\"wp-block-group__inner-container is-layout-flow wp-block-group-is-layout-flow\">\n<div data-wp-interactive=\"core\/file\" class=\"wp-block-file\"><object data-wp-bind--hidden=\"!state.hasPdfPreview\" hidden class=\"wp-block-file__embed\" data=\"https:\/\/holzhausenschule.de\/wp-content\/uploads\/2022\/06\/2021-22_ubergang-4-5-1.pdf\" type=\"application\/pdf\" style=\"width:100%;height:600px\" aria-label=\"Einbettung von Einbettung von 2021-22_ubergang-4-5-1..\"><\/object><a id=\"wp-block-file--media-aebc614c-9002-4da0-9d60-443f165d8d29\" href=\"https:\/\/holzhausenschule.de\/wp-content\/uploads\/2022\/06\/2021-22_ubergang-4-5-1.pdf\">2021-22_ubergang-4-5-1<\/a><a href=\"https:\/\/holzhausenschule.de\/wp-content\/uploads\/2022\/06\/2021-22_ubergang-4-5-1.pdf\" class=\"wp-block-file__button\" download aria-describedby=\"wp-block-file--media-aebc614c-9002-4da0-9d60-443f165d8d29\">Herunterladen<\/a><\/div>\n<\/div><\/div>\n\n\n\n<h2 class=\"wp-block-heading\">\u00dcberischt: Termine mit sonderp\u00e4dagogischer F\u00f6rderung<\/h2>\n\n\n<a class=\"wp-block-read-more\" href=\"https:\/\/holzhausenschule.de\/?page_id=119\" target=\"_self\"><a href=\"https:\/\/holzhausen.frankfurt.schule.hessen.de\/aktuell\/termine-4-5-sus-sonderpadagogische-forderung.pdf\">termine-4-5-sus-sonderpadagogische-forderung.pdf (hessen.de)<\/a><span class=\"screen-reader-text\">: \u00dcbergang 4\/ 5<\/span><\/a>\n\n\n<h2 class=\"wp-block-heading\">Erkl\u00e4rfilm &#8222;Bildungswege&#8220;<\/h2>\n\n\n<a class=\"wp-block-read-more\" href=\"https:\/\/holzhausenschule.de\/?page_id=119\" target=\"_self\"><a href=\"https:\/\/kultusministerium.hessen.de\/Schulsystem\/Schulformen-und-Bildungsgaenge\/Erklaerfilme\">Erkl\u00e4rfilme zum Schulsystem und den Bildungswegen in Hessen | kultus. hessen.de<\/a><span class=\"screen-reader-text\">: \u00dcbergang 4\/ 5<\/span><\/a>","protected":false},"excerpt":{"rendered":"<p>Infoflyer zum \u00dcbergang 4\/5 Infofolien des hessischen Kultusministeriums mit Infos zum \u00dcbergang 4\/5 \u00dcberischt: Termine mit sonderp\u00e4dagogischer F\u00f6rderung Erkl\u00e4rfilm &#8222;Bildungswege&#8220;<\/p>\n","protected":false},"author":2,"featured_media":0,"parent":0,"menu_order":0,"comment_status":"closed","ping_status":"closed","template":"","meta":{"footnotes":""},"class_list":["post-119","page","type-page","status-publish","hentry"],"_links":{"self":[{"href":"https:\/\/holzhausenschule.de\/index.php?rest_route=\/wp\/v2\/pages\/119","targetHints":{"allow":["GET"]}}],"collection":[{"href":"https:\/\/holzhausenschule.de\/index.php?rest_route=\/wp\/v2\/pages"}],"about":[{"href":"https:\/\/holzhausenschule.de\/index.php?rest_route=\/wp\/v2\/types\/page"}],"author":[{"embeddable":true,"href":"https:\/\/holzhausenschule.de\/index.php?rest_route=\/wp\/v2\/users\/2"}],"replies":[{"embeddable":true,"href":"https:\/\/holzhausenschule.de\/index.php?rest_route=%2Fwp%2Fv2%2Fcomments&post=119"}],"version-history":[{"count":7,"href":"https:\/\/holzhausenschule.de\/index.php?rest_route=\/wp\/v2\/pages\/119\/revisions"}],"predecessor-version":[{"id":722,"href":"https:\/\/holzhausenschule.de\/index.php?rest_route=\/wp\/v2\/pages\/119\/revisions\/722"}],"wp:attachment":[{"href":"https:\/\/holzhausenschule.de\/index.php?rest_route=%2Fwp%2Fv2%2Fmedia&parent=119"}],"curies":[{"name":"wp","href":"https:\/\/api.w.org\/{rel}","templated":true}]}}