{"id":112,"date":"2022-03-23T10:41:19","date_gmt":"2022-03-23T09:41:19","guid":{"rendered":"https:\/\/holzhausenschule.de\/?page_id=112"},"modified":"2024-11-29T20:53:06","modified_gmt":"2024-11-29T19:53:06","slug":"it-und-medien","status":"publish","type":"page","link":"https:\/\/holzhausenschule.de\/?page_id=112","title":{"rendered":"IT und Medien"},"content":{"rendered":"\n<h2 class=\"wp-block-heading has-vivid-green-cyan-color has-text-color\">Die IT-Steuergruppe<\/h2>\n\n\n\n<p>Unsere IT-Steuergruppe arbeitet  an dieser Seite.<\/p>\n\n\n\n<p class=\"has-vivid-green-cyan-color has-text-color has-medium-font-size\">Der PC-Unterricht an der Holzhausenschule<\/p>\n\n\n\n<p>Im PC-Unterricht bekommen die Sch\u00fcler:innen einen ersten Einblick in die digitale Welt. Hierf\u00fcr wird unser PC-Raum und die R\u00e4ume mit den digitalen Tafeln genutzt. Der PC-Unterricht wird derzeit von Frau Engenhardt und Herrn Katsikas geleitet.<\/p>\n","protected":false},"excerpt":{"rendered":"<p>Die IT-Steuergruppe Unsere IT-Steuergruppe arbeitet an dieser Seite. Der PC-Unterricht an der Holzhausenschule Im PC-Unterricht bekommen die Sch\u00fcler:innen einen ersten Einblick in die digitale Welt. Hierf\u00fcr wird unser PC-Raum und &hellip; <\/p>\n<p class=\"link-more\"><a href=\"https:\/\/holzhausenschule.de\/?page_id=112\" class=\"more-link\"><span class=\"screen-reader-text\">\u201eIT und Medien\u201c<\/span> weiterlesen<\/a><\/p>\n","protected":false},"author":2,"featured_media":0,"parent":0,"menu_order":0,"comment_status":"closed","ping_status":"closed","template":"","meta":{"footnotes":""},"class_list":["post-112","page","type-page","status-publish","hentry"],"_links":{"self":[{"href":"https:\/\/holzhausenschule.de\/index.php?rest_route=\/wp\/v2\/pages\/112","targetHints":{"allow":["GET"]}}],"collection":[{"href":"https:\/\/holzhausenschule.de\/index.php?rest_route=\/wp\/v2\/pages"}],"about":[{"href":"https:\/\/holzhausenschule.de\/index.php?rest_route=\/wp\/v2\/types\/page"}],"author":[{"embeddable":true,"href":"https:\/\/holzhausenschule.de\/index.php?rest_route=\/wp\/v2\/users\/2"}],"replies":[{"embeddable":true,"href":"https:\/\/holzhausenschule.de\/index.php?rest_route=%2Fwp%2Fv2%2Fcomments&post=112"}],"version-history":[{"count":7,"href":"https:\/\/holzhausenschule.de\/index.php?rest_route=\/wp\/v2\/pages\/112\/revisions"}],"predecessor-version":[{"id":1294,"href":"https:\/\/holzhausenschule.de\/index.php?rest_route=\/wp\/v2\/pages\/112\/revisions\/1294"}],"wp:attachment":[{"href":"https:\/\/holzhausenschule.de\/index.php?rest_route=%2Fwp%2Fv2%2Fmedia&parent=112"}],"curies":[{"name":"wp","href":"https:\/\/api.w.org\/{rel}","templated":true}]}}